{"id":76,"date":"2024-10-10T12:00:56","date_gmt":"2024-10-10T10:00:56","guid":{"rendered":"http:\/\/creaseh.cluster029.hosting.ovh.net\/?post_type=product&#038;p=76"},"modified":"2025-12-29T12:26:47","modified_gmt":"2025-12-29T11:26:47","slug":"atelier-prive-pour-un-groupe","status":"publish","type":"product","link":"https:\/\/creasens.be\/index.php\/produit\/atelier-prive-pour-un-groupe\/","title":{"rendered":"Atelier Priv\u00e9 pour un groupe (5-8p)"},"content":{"rendered":"<div class=\"flex-shrink-0 flex flex-col relative items-end\">\n<div>\n<div class=\"pt-0\">\n<div class=\"gizmo-bot-avatar flex h-8 w-8 items-center justify-center overflow-hidden rounded-full\">\n<div class=\"relative p-1 rounded-sm flex items-center justify-center bg-token-main-surface-primary text-token-text-primary h-8 w-8\"><strong>Venez partager un moment unique \u00e0 plusieurs (min 5 personnes &#8211; max 8) dans mon atelier Cr\u00e9asens \u00e0 Wezembeek-Oppem, un espace de cr\u00e9ativit\u00e9 et de connexion. Que vous veniez entre amis ou en famille, cet atelier est une parenth\u00e8se privil\u00e9gi\u00e9e pour vous retrouver autrement.<\/strong><\/div>\n<\/div>\n<\/div>\n<\/div>\n<\/div>\n<div class=\"group\/conversation-turn relative flex w-full min-w-0 flex-col agent-turn\">\n<div class=\"flex-col gap-1 md:gap-3\">\n<div class=\"flex max-w-full flex-col flex-grow\">\n<div class=\"min-h-8 text-message flex w-full flex-col items-end gap-2 whitespace-normal break-words [.text-message+&amp;]:mt-5\" dir=\"auto\" data-message-author-role=\"assistant\" data-message-id=\"d209425f-a841-44bc-ba67-c7d346c5a449\" data-message-model-slug=\"gpt-4o\">\n<div class=\"flex w-full flex-col gap-1 empty:hidden first:pt-[3px]\">\n<div class=\"markdown prose w-full break-words dark:prose-invert dark\">\n<p><strong>Ce que cet atelier vous propose :<\/strong><\/p>\n<p><strong>Un moment \u00e0 partager :<\/strong> Cet atelier est une occasion parfaite pour passer un moment de qualit\u00e9 en groupe, que vous soyez bons amis ou une famille. Ensemble, vous d\u00e9couvrirez une nouvelle fa\u00e7on de vous connecter, \u00e0 travers la cr\u00e9ativit\u00e9 et le partage.<\/p>\n<p><strong>Un voyage cr\u00e9atif :<\/strong> Pendant deux heures trente, je vous accompagne dans l\u2019exploration de votre cr\u00e9ativit\u00e9 commune. Collage, peinture, dessin, \u00e9criture\u2026 Ensemble, vous pourrez donner vie \u00e0 des cr\u00e9ations individuelles, dans un journal intime cr\u00e9atif que chacun pourra enrichir \u00e0 sa mani\u00e8re.<\/p>\n<p><strong>Un espace d\u2019expression :<\/strong> Il n\u2019est pas n\u00e9cessaire d\u2019\u00eatre cr\u00e9atif pour profiter de cet atelier. Il est con\u00e7u pour \u00eatre accessible \u00e0 tous, m\u00eame si vous ne vous consid\u00e9rez pas comme des artistes. Ce qui compte, c\u2019est de vous amuser et de laisser vos \u00e9motions et votre imagination s\u2019exprimer, dans un cadre bienveillant.<\/p>\n<p><strong>Un moment de complicit\u00e9 :<\/strong> Cet atelier est con\u00e7u pour \u00eatre un v\u00e9ritable moment de complicit\u00e9 \u00e0 trois. Pas besoin de pr\u00e9paration ni de mat\u00e9riel : tout est fourni sur place ! Vous n\u2019avez qu\u2019\u00e0 venir et profiter ensemble de cette bulle cr\u00e9ative, un moment rien que pour vous.<\/p>\n<p><strong>Un souvenir pr\u00e9cieux :<\/strong> Vous repartez chacun avec votre propre journal intime cr\u00e9atif, un tr\u00e9sor que vous pourrez continuer \u00e0 enrichir. Ce sera le souvenir tangible de ce moment unique, un objet personnel et partag\u00e9 qui t\u00e9moigne de votre lien.<\/p>\n<p><strong>Facile \u00e0 organiser :<\/strong> Prenez rendez-vous via mon agenda en ligne, et venez \u00e0 l\u2019atelier situ\u00e9 Rue du Ruisseau 104 \u00e0 Wezembeek-Oppem. C\u2019est une exp\u00e9rience cr\u00e9ative que vous pouvez offrir \u00e0 vos proches, que ce soit entre amis, en famille\u00a0 ou m\u00eame entre fr\u00e8res et s\u0153urs.<\/p>\n<hr \/>\n<p>Ce moment est une bulle cr\u00e9ative, remplie de joie et de partage, o\u00f9 chacun peut s\u2019exprimer librement tout en se connectant aux autres. Que vous soyez trois amis, une famille ou des fr\u00e8res et s\u0153urs, cet atelier est une opportunit\u00e9 de cr\u00e9er ensemble de beaux souvenirs.<\/p>\n<p>&nbsp;<\/p>\n<\/div>\n<\/div>\n<\/div>\n<\/div>\n<\/div>\n<\/div>\n","protected":false},"excerpt":{"rendered":"<p>D\u00e9couvrez un atelier unique de deux heures trente dans mon univers cr\u00e9atif pour un groupe ( min 5 &#8211; max 8 personnes), \u00e0 Wezembeek-Oppem.<\/p>\n<p>Ces moments sont con\u00e7us pour les <strong>enfants \u00e0 partir de 10 ans, ados et adultes<\/strong>, et sont faits pour \u00eatre partag\u00e9s entre proches.<\/p>\n<p>Laissez vous guider dans un voyage cr\u00e9atif avec des moments de collage, dessin, peinture et \u00e9criture dans un journal intime cr\u00e9atif.<\/p>\n<p>Tout est fourni, il suffit de r\u00e9server votre place en ligne pour partager un moment inoubliable !<\/p>\n<ul>\n<li>Description d\u00e9taill\u00e9e de l&rsquo;atelier sous l&rsquo;agenda<\/li>\n<li>Note : Les ateliers du samedi sont anim\u00e9s par Vanja<\/li>\n<\/ul>\n","protected":false},"featured_media":78,"template":"","meta":[],"product_brand":[],"product_cat":[17],"product_tag":[],"class_list":{"0":"post-76","1":"product","2":"type-product","3":"status-publish","4":"has-post-thumbnail","6":"product_cat-creasens","8":"first","9":"instock","10":"sold-individually","11":"shipping-taxable","12":"purchasable","13":"product-type-booking"},"jetpack_sharing_enabled":true,"_links":{"self":[{"href":"https:\/\/creasens.be\/index.php\/wp-json\/wp\/v2\/product\/76","targetHints":{"allow":["GET"]}}],"collection":[{"href":"https:\/\/creasens.be\/index.php\/wp-json\/wp\/v2\/product"}],"about":[{"href":"https:\/\/creasens.be\/index.php\/wp-json\/wp\/v2\/types\/product"}],"wp:featuredmedia":[{"embeddable":true,"href":"https:\/\/creasens.be\/index.php\/wp-json\/wp\/v2\/media\/78"}],"wp:attachment":[{"href":"https:\/\/creasens.be\/index.php\/wp-json\/wp\/v2\/media?parent=76"}],"wp:term":[{"taxonomy":"product_brand","embeddable":true,"href":"https:\/\/creasens.be\/index.php\/wp-json\/wp\/v2\/product_brand?post=76"},{"taxonomy":"product_cat","embeddable":true,"href":"https:\/\/creasens.be\/index.php\/wp-json\/wp\/v2\/product_cat?post=76"},{"taxonomy":"product_tag","embeddable":true,"href":"https:\/\/creasens.be\/index.php\/wp-json\/wp\/v2\/product_tag?post=76"}],"curies":[{"name":"wp","href":"https:\/\/api.w.org\/{rel}","templated":true}]}}