{"id":657,"date":"2025-01-23T11:58:57","date_gmt":"2025-01-23T10:58:57","guid":{"rendered":"https:\/\/creasens.be\/?post_type=product&#038;p=657"},"modified":"2026-02-11T12:48:31","modified_gmt":"2026-02-11T11:48:31","slug":"pins-coeur-viens-on-seme","status":"publish","type":"product","link":"https:\/\/creasens.be\/index.php\/produit\/pins-coeur-viens-on-seme\/","title":{"rendered":"Pin&rsquo;s Coeur Viens on s\u00e8me"},"content":{"rendered":"<p><strong>Pin\u2019s c\u0153ur \u00ab\u00a0Viens on s\u00e8me\u00a0\u00bb<\/strong><\/p>\n<p>Ajoutez une touche de douceur et de complicit\u00e9 \u00e0 votre tenue avec ce pin\u2019s d\u00e9licat en forme de c\u0153ur. Grav\u00e9 du message \u00ab\u00a0Viens on s\u00e8me\u00a0\u00bb, il invite \u00e0 diffuser amour et positivit\u00e9. Parfait sur une veste, un sac ou une chemise, il allie charme discret et signification profonde.<\/p>\n<p><strong>Caract\u00e9ristiques :<\/strong><\/p>\n<ul>\n<li>Dimensions : 28,3 x 29,1 x 0,5 mm<\/li>\n<li>Mat\u00e9riau : laiton avec finition dor\u00e9e brillante et \u00e9maillage blanc<\/li>\n<\/ul>\n<p><strong>Astuce<\/strong> : Pour \u00e9viter qu\u2019il ne tourne sur un tissu fin, ajoutez un rond de feutrine ou un tissu \u00e9pais entre l\u2019\u00e9pingle et l\u2019attache.<\/p>\n<ul>\n<li>Cette broche\/pins se ferme \u00e0 l&rsquo;aide une pince \u00e0 papillon.<\/li>\n<li>Ce petit coeur est dessin\u00e9 et fabriqu\u00e9 \u00e0 La Rochelle en France par Marie, cr\u00e9atrice de l&rsquo;atelier My Lovely Thing.<\/li>\n<\/ul>\n","protected":false},"excerpt":{"rendered":"<div class=\"flex max-w-full flex-col flex-grow\">\n<div class=\"min-h-8 text-message flex w-full flex-col items-end gap-2 whitespace-normal break-words [.text-message+&amp;]:mt-5\" dir=\"auto\" data-message-author-role=\"assistant\" data-message-id=\"9639d79b-066c-4484-9efa-e0f7e90118b3\" data-message-model-slug=\"gpt-4o\">\n<div class=\"flex w-full flex-col gap-1 empty:hidden first:pt-[3px]\">\n<div class=\"markdown prose w-full break-words dark:prose-invert dark\">\n<p>D\u00e9couvrez nos petits pin&rsquo;s \u00e0 accrocher \u00e0 votre veste ou \u00e0 offrir \u00e0 quelqu\u2019un qui a besoin de lumi\u00e8re et de douceur.<\/p>\n<p>Chaque achat soutient <strong>Cr\u00e9acoeur<\/strong>, un projet qui, \u00e0 l\u2019image des Restos du C\u0153ur, offre des <strong>bulles de r\u00e9confort cr\u00e9atif<\/strong> aux personnes \u00e9prouv\u00e9es par la vie, hospitalis\u00e9es ou en deuil.<\/p>\n<p>En portant ou en offrant ce pin&rsquo;s, vous apportez un message de soutien et de bienveillance, tout en contribuant \u00e0 semer un peu plus de lumi\u00e8re autour de vous.<\/p>\n<p>Un petit geste pour r\u00e9chauffer les c\u0153urs et semer de la douceur.<\/p>\n<\/div>\n<\/div>\n<\/div>\n<\/div>\n","protected":false},"featured_media":658,"template":"","meta":[],"product_brand":[],"product_cat":[21],"product_tag":[],"class_list":{"0":"post-657","1":"product","2":"type-product","3":"status-publish","4":"has-post-thumbnail","6":"product_cat-creacoeur","8":"first","9":"instock","10":"shipping-taxable","11":"purchasable","12":"product-type-simple"},"jetpack_sharing_enabled":true,"_links":{"self":[{"href":"https:\/\/creasens.be\/index.php\/wp-json\/wp\/v2\/product\/657","targetHints":{"allow":["GET"]}}],"collection":[{"href":"https:\/\/creasens.be\/index.php\/wp-json\/wp\/v2\/product"}],"about":[{"href":"https:\/\/creasens.be\/index.php\/wp-json\/wp\/v2\/types\/product"}],"wp:featuredmedia":[{"embeddable":true,"href":"https:\/\/creasens.be\/index.php\/wp-json\/wp\/v2\/media\/658"}],"wp:attachment":[{"href":"https:\/\/creasens.be\/index.php\/wp-json\/wp\/v2\/media?parent=657"}],"wp:term":[{"taxonomy":"product_brand","embeddable":true,"href":"https:\/\/creasens.be\/index.php\/wp-json\/wp\/v2\/product_brand?post=657"},{"taxonomy":"product_cat","embeddable":true,"href":"https:\/\/creasens.be\/index.php\/wp-json\/wp\/v2\/product_cat?post=657"},{"taxonomy":"product_tag","embeddable":true,"href":"https:\/\/creasens.be\/index.php\/wp-json\/wp\/v2\/product_tag?post=657"}],"curies":[{"name":"wp","href":"https:\/\/api.w.org\/{rel}","templated":true}]}}