{"id":397,"date":"2024-10-15T16:19:34","date_gmt":"2024-10-15T14:19:34","guid":{"rendered":"https:\/\/creaseh.cluster029.hosting.ovh.net\/?post_type=product&#038;p=397"},"modified":"2026-03-11T16:47:37","modified_gmt":"2026-03-11T15:47:37","slug":"boite-creative","status":"publish","type":"product","link":"https:\/\/creasens.be\/index.php\/produit\/boite-creative\/","title":{"rendered":"Pochette Cr\u00e9ative"},"content":{"rendered":"<div class=\"flex-shrink-0 flex flex-col relative items-end\">\n<div>\n<div class=\"pt-0\">\n<div class=\"gizmo-bot-avatar flex h-8 w-8 items-center justify-center overflow-hidden rounded-full\">\n<blockquote>\n<div>PAS DE LIVRAISON POSSIBLE &#8230; A VENIR CHERCHER A l&rsquo;ATELIER DE WEZEMBEEK-OPPEM<\/div>\n<\/blockquote>\n<div><\/div>\n<div class=\"relative p-1 rounded-sm flex items-center justify-center bg-token-main-surface-primary text-token-text-primary h-8 w-8\"><strong>D\u00e9couvrez nos bo\u00eetes cr\u00e9atives : un cadeau qui fait du bien, \u00e0 vous et aux autres !<\/strong><\/div>\n<\/div>\n<\/div>\n<\/div>\n<\/div>\n<div class=\"group\/conversation-turn relative flex w-full min-w-0 flex-col agent-turn\">\n<div class=\"flex-col gap-1 md:gap-3\">\n<div class=\"flex max-w-full flex-col flex-grow\">\n<div class=\"min-h-8 text-message flex w-full flex-col items-end gap-2 whitespace-normal break-words [.text-message+&amp;]:mt-5\" dir=\"auto\" data-message-author-role=\"assistant\" data-message-id=\"65caa9d9-0bdf-4dc8-b846-75a4dcc9ea41\" data-message-model-slug=\"gpt-4o\">\n<div class=\"flex w-full flex-col gap-1 empty:hidden first:pt-[3px]\">\n<div class=\"markdown prose w-full break-words dark:prose-invert dark\">\n<p>Envie d\u2019offrir un peu de lumi\u00e8re et de douceur \u00e0 quelqu\u2019un qui en a besoin ? Nos bo\u00eetes cr\u00e9atives sont une mani\u00e8re parfaite de le faire. Chaque bo\u00eete contient tout le n\u00e9cessaire pour se plonger dans un moment d\u2019expression et de cr\u00e9ativit\u00e9, que ce soit pour d\u00e9buter ou poursuivre un journal intime cr\u00e9atif. Ces outils permettent de se connecter \u00e0 ses \u00e9motions et de les d\u00e9poser sur papier \u00e0 travers des activit\u00e9s simples et r\u00e9confortantes.<\/p>\n<p><strong>Ce que vous trouverez dans chaque bo\u00eete :<\/strong><\/p>\n<ul>\n<li>Un assortiment d&rsquo;outils cr\u00e9atifs : pinceau, colle, ciseaux, gobelet, crayon et marqueur, &#8230;<\/li>\n<li>Mat\u00e9riel pour d\u00e9marrer ou enrichir un journal intime cr\u00e9atif : stickers, peinture, masking tape, set aquarelle, set acrylique, feuilles de couleur, un carnet, &#8230;<\/li>\n<li><strong>U<\/strong>ne petite note expliquant le projet CR\u00c9ACOEUR, pour comprendre l&rsquo;impact de votre geste.<\/li>\n<li>Et bien plus encore pour laisser libre cours \u00e0 votre imagination !<\/li>\n<\/ul>\n<p>Ces bo\u00eetes sont pens\u00e9es pour toutes les personnes, cr\u00e9atives ou non, qui cherchent \u00e0 exprimer leurs \u00e9motions \u00e0 travers l&rsquo;art. Elles peuvent \u00eatre un cadeau parfait pour soi-m\u00eame ou pour quelqu\u2019un traversant une p\u00e9riode difficile.<\/p>\n<p><strong>Le plus beau dans cet achat ?<\/strong> Pour chaque bo\u00eete achet\u00e9e \u00e0 30 \u20ac, une autre est offerte \u00e0 une personne hospitalis\u00e9e. Ce geste solidaire soutient le projet <strong>CR\u00c9ACOEUR<\/strong>, qui, \u00e0 l&rsquo;image des Restos du C\u0153ur, offre des bulles de r\u00e9confort cr\u00e9atif aux personnes \u00e9prouv\u00e9es par la vie, hospitalis\u00e9es ou en deuil. Votre achat permet ainsi de r\u00e9pandre un peu de lumi\u00e8re et de douceur, \u00e0 vous et \u00e0 ceux qui en ont le plus besoin.<\/p>\n<p>En offrant ou en utilisant cette bo\u00eete cr\u00e9ative, vous participez \u00e0 un projet bienveillant et solidaire, semant du r\u00e9confort et de la chaleur dans le c\u0153ur de ceux qui traversent des moments difficiles. Un petit geste pour r\u00e9chauffer les c\u0153urs et apporter un peu plus de lumi\u00e8re autour de vous.<\/p>\n<blockquote><p>PAS DE LIVRAISON POSSIBLE &#8230; A VENIR CHERCHER A L&rsquo;ATELIER DE WEZEMBEEK-OPPEM<\/p><\/blockquote>\n<\/div>\n<\/div>\n<\/div>\n<\/div>\n<\/div>\n<\/div>\n","protected":false},"excerpt":{"rendered":"<div class=\"flex-shrink-0 flex flex-col relative items-end\">\n<div>\n<div class=\"pt-0\">\n<div class=\"gizmo-bot-avatar flex h-8 w-8 items-center justify-center overflow-hidden rounded-full\">\n<div class=\"relative p-1 rounded-sm flex items-center justify-center bg-token-main-surface-primary text-token-text-primary h-8 w-8\"><strong>Offrez une pochette cr\u00e9ative pleine de douceur !<\/strong><\/div>\n<\/div>\n<\/div>\n<\/div>\n<\/div>\n<div class=\"group\/conversation-turn relative flex w-full min-w-0 flex-col agent-turn\">\n<div class=\"flex-col gap-1 md:gap-3\">\n<div class=\"flex max-w-full flex-col flex-grow\">\n<div class=\"min-h-8 text-message flex w-full flex-col items-end gap-2 whitespace-normal break-words [.text-message+&amp;]:mt-5\" dir=\"auto\" data-message-author-role=\"assistant\" data-message-id=\"0c81ee82-604f-416a-9da9-b25c75d55c7a\" data-message-model-slug=\"gpt-4o\">\n<div class=\"flex w-full flex-col gap-1 empty:hidden first:pt-[3px]\">\n<div class=\"markdown prose w-full break-words dark:prose-invert dark\">\n<p>Chaque pochette contient tout le n\u00e9cessaire pour d\u00e9marrer ou enrichir un journal intime cr\u00e9atif : pinceau, stickers, carnet, peinture, masking tape, et plus encore. \u00c0 chaque achat (30 \u20ac), une bo\u00eete est offerte \u00e0 une personne hospitalis\u00e9e, gr\u00e2ce au projet <strong>CR\u00c9ACOEUR<\/strong>, qui apporte des bulles de r\u00e9confort aux personnes \u00e9prouv\u00e9es par la vie. Un geste solidaire pour r\u00e9pandre lumi\u00e8re et bienveillance autour de vous.<\/p>\n<blockquote><p>PAS DE LIVRAISON POSSIBLE &#8230; A VENIR CHERCHER A l&rsquo;ATELIER DE WEZEMBEEK-OPPEM<\/p>\n<\/blockquote>\n<\/div>\n<\/div>\n<\/div>\n<\/div>\n<\/div>\n<\/div>\n","protected":false},"featured_media":398,"template":"","meta":[],"product_brand":[],"product_cat":[21,19,18,17],"product_tag":[],"class_list":{"0":"post-397","1":"product","2":"type-product","3":"status-publish","4":"has-post-thumbnail","6":"product_cat-creacoeur","7":"product_cat-creado","8":"product_cat-creakids","9":"product_cat-creasens","11":"first","12":"instock","13":"shipping-taxable","14":"purchasable","15":"product-type-simple"},"jetpack_sharing_enabled":true,"_links":{"self":[{"href":"https:\/\/creasens.be\/index.php\/wp-json\/wp\/v2\/product\/397","targetHints":{"allow":["GET"]}}],"collection":[{"href":"https:\/\/creasens.be\/index.php\/wp-json\/wp\/v2\/product"}],"about":[{"href":"https:\/\/creasens.be\/index.php\/wp-json\/wp\/v2\/types\/product"}],"wp:featuredmedia":[{"embeddable":true,"href":"https:\/\/creasens.be\/index.php\/wp-json\/wp\/v2\/media\/398"}],"wp:attachment":[{"href":"https:\/\/creasens.be\/index.php\/wp-json\/wp\/v2\/media?parent=397"}],"wp:term":[{"taxonomy":"product_brand","embeddable":true,"href":"https:\/\/creasens.be\/index.php\/wp-json\/wp\/v2\/product_brand?post=397"},{"taxonomy":"product_cat","embeddable":true,"href":"https:\/\/creasens.be\/index.php\/wp-json\/wp\/v2\/product_cat?post=397"},{"taxonomy":"product_tag","embeddable":true,"href":"https:\/\/creasens.be\/index.php\/wp-json\/wp\/v2\/product_tag?post=397"}],"curies":[{"name":"wp","href":"https:\/\/api.w.org\/{rel}","templated":true}]}}