{"id":1616,"date":"2026-01-20T11:17:25","date_gmt":"2026-01-20T10:17:25","guid":{"rendered":"https:\/\/creasens.be\/?post_type=product&#038;p=1616"},"modified":"2026-04-01T13:36:50","modified_gmt":"2026-04-01T11:36:50","slug":"cartes-coeur-new","status":"publish","type":"product","link":"https:\/\/creasens.be\/index.php\/produit\/cartes-coeur-new\/","title":{"rendered":"Pack de 5 cartes coeur NEW"},"content":{"rendered":"<p class=\"isSelectedEnd\">Laisse circuler l\u2019amour, un mot \u00e0 la fois.<\/p>\n<p class=\"isSelectedEnd\">Ce pack de 5 cartes de papeterie au format A6 met \u00e0 l\u2019honneur des illustrations tendres et p\u00e9tillantes. Chaque carte est une invitation \u00e0 \u00e9crire, partager, r\u00e9conforter et cr\u00e9er du lien.<\/p>\n<p class=\"isSelectedEnd\">En commandant ce pack, tu soutiens directement les projets de <strong>Cr\u00e9ac\u0153ur<\/strong> :<br \/>\noffrir des bulles cr\u00e9atives l\u00e0 o\u00f9 elles sont le plus utiles \u2013 apr\u00e8s un deuil, aupr\u00e8s de personnes hospitalis\u00e9es, dans les moments de fragilit\u00e9 ou de transition.<\/p>\n<p class=\"isSelectedEnd\">Un v\u00e9ritable <strong>souffle de tendresse et de malice<\/strong> : une illustration d\u00e9licate, joyeuse et lumineuse, id\u00e9ale pour c\u00e9l\u00e9brer l\u2019amiti\u00e9, envoyer une pens\u00e9e douce ou tout simplement diffuser une belle dose d\u2019amour.<\/p>\n<p class=\"isSelectedEnd\"><strong>D\u00e9tails :<\/strong><br \/>\n\u2022 Format : 10,5 \u00d7 14,8 cm (A6)<br \/>\n\u2022 Papier : Fine art 300g Natural, mat<br \/>\n\u2022 Enveloppe : papier recycl\u00e9<br \/>\n\u2022 Conditionnement : sachet biod\u00e9gradable<br \/>\n\u2022 Pack de 5 cartes<\/p>\n<p><strong>Fabrication fran\u00e7aise<\/strong><br \/>\nCon\u00e7ues et fabriqu\u00e9es avec soin \u00e0 <strong>La Rochelle<\/strong>, pour c\u00e9l\u00e9brer les petits bonheurs du quotidien et soutenir une cause porteuse de sens.<\/p>\n","protected":false},"excerpt":{"rendered":"<p>Pack de 5 cartes.<\/p>\n<p>En soutenant Cr\u00e9ac\u0153ur, tu contribues \u00e0 offrir des bulles cr\u00e9atives aux personnes en deuil ou hospitalis\u00e9es.<\/p>\n<p>Des cartes tendre et p\u00e9tillante pour \u00e9crire, partager et diffuser l\u2019amour.<\/p>\n","protected":false},"featured_media":1621,"template":"","meta":[],"product_brand":[],"product_cat":[21],"product_tag":[],"class_list":{"0":"post-1616","1":"product","2":"type-product","3":"status-publish","4":"has-post-thumbnail","6":"product_cat-creacoeur","8":"first","9":"instock","10":"shipping-taxable","11":"purchasable","12":"product-type-simple"},"jetpack_sharing_enabled":true,"_links":{"self":[{"href":"https:\/\/creasens.be\/index.php\/wp-json\/wp\/v2\/product\/1616","targetHints":{"allow":["GET"]}}],"collection":[{"href":"https:\/\/creasens.be\/index.php\/wp-json\/wp\/v2\/product"}],"about":[{"href":"https:\/\/creasens.be\/index.php\/wp-json\/wp\/v2\/types\/product"}],"wp:featuredmedia":[{"embeddable":true,"href":"https:\/\/creasens.be\/index.php\/wp-json\/wp\/v2\/media\/1621"}],"wp:attachment":[{"href":"https:\/\/creasens.be\/index.php\/wp-json\/wp\/v2\/media?parent=1616"}],"wp:term":[{"taxonomy":"product_brand","embeddable":true,"href":"https:\/\/creasens.be\/index.php\/wp-json\/wp\/v2\/product_brand?post=1616"},{"taxonomy":"product_cat","embeddable":true,"href":"https:\/\/creasens.be\/index.php\/wp-json\/wp\/v2\/product_cat?post=1616"},{"taxonomy":"product_tag","embeddable":true,"href":"https:\/\/creasens.be\/index.php\/wp-json\/wp\/v2\/product_tag?post=1616"}],"curies":[{"name":"wp","href":"https:\/\/api.w.org\/{rel}","templated":true}]}}