{"id":1068,"date":"2025-06-11T11:56:59","date_gmt":"2025-06-11T09:56:59","guid":{"rendered":"https:\/\/creasens.be\/?post_type=product&#038;p=1068"},"modified":"2026-04-12T23:12:06","modified_gmt":"2026-04-12T21:12:06","slug":"atelier-stage-creado","status":"publish","type":"product","link":"https:\/\/creasens.be\/index.php\/produit\/atelier-stage-creado\/","title":{"rendered":"Stage CREADO &#8211; humanit\u00e9"},"content":{"rendered":"<p><strong>Offrez \u00e0 vos ados une exp\u00e9rience unique avec mon stage cr\u00e9atif de deux jours, sp\u00e9cialement con\u00e7u pour les Ados d\u00e8s 11 ans !<\/strong><\/p>\n<p>Pendant ces deux jours, vos pr\u00e9-ados, qu\u2019ils soient filles ou gar\u00e7ons, auront l\u2019occasion de s\u2019exprimer librement \u00e0 travers la cr\u00e9ation de leur propre journal intime, mais d\u2019une mani\u00e8re totalement innovante et cr\u00e9ative. Je les guide pour explorer leurs \u00e9motions, \u00e9crire sur leurs gal\u00e8res, leurs amiti\u00e9s, ou encore leurs histoires de mani\u00e8re intime et confidentielle.<\/p>\n<p>Nous utiliserons des techniques artistiques qui leur permettront de se d\u00e9fouler tout en s\u2019amusant : collage, peinture, dessins stylis\u00e9s, et bien plus encore ! Ce stage est un moment de libert\u00e9 pour que chacun puisse se d\u00e9couvrir et s\u2019exprimer autrement, tout en profitant de la dynamique du groupe.<\/p>\n<p><strong>Le programme :<\/strong><\/p>\n<ul>\n<li><strong>Dur\u00e9e :<\/strong> 2 jours ou 3 jours complets, de 9h30 \u00e0 16h30.<\/li>\n<li><strong>Lieu :<\/strong> Mon atelier \u00e0 Wezembeek-Oppem.<\/li>\n<li><strong>Pause d\u00e9jeuner :<\/strong> Chacun apporte son pique-nique, mais les boissons et snacks sont fournis.<\/li>\n<li><strong>Temps de d\u00e9tente :<\/strong> Durant les pauses, vos ados pourront profiter de la terrasse et du jardin.<\/li>\n<\/ul>\n<p>Je suis une adulte avec un c\u0153ur d&rsquo;ado qui sait comment les faire s\u2019\u00e9clater tout en les aidant \u00e0 canaliser leurs \u00e9motions de fa\u00e7on cr\u00e9ative !<\/p>\n","protected":false},"excerpt":{"rendered":"<p><strong>Stage cr\u00e9atif de 2 jours pour ados d\u00e8s 11 ans !\u00a0<\/strong><\/p>\n<p>Offrez \u00e0 vos ados une aventure cr\u00e9ative unique : deux jours dans mon atelier pour s\u2019exprimer librement \u00e0 travers un journal intime innovant. Je les guide pour \u00e9crire leurs joies, gal\u00e8res et amiti\u00e9s avec des techniques cr\u00e9atives.<\/p>\n<p><strong>De 9h30 \u00e0 16h30<\/strong>, pique-nique \u00e0 apporter, boissons et snacks inclus.<\/p>\n<ul>\n<li>Description d\u00e9taill\u00e9e du stage\u00a0 ci-dessous<\/li>\n<\/ul>\n","protected":false},"featured_media":459,"template":"","meta":[],"product_brand":[],"product_cat":[19],"product_tag":[],"class_list":{"0":"post-1068","1":"product","2":"type-product","3":"status-publish","4":"has-post-thumbnail","6":"product_cat-creado","8":"first","9":"instock","10":"shipping-taxable","11":"purchasable","12":"product-type-variable"},"jetpack_sharing_enabled":true,"_links":{"self":[{"href":"https:\/\/creasens.be\/index.php\/wp-json\/wp\/v2\/product\/1068","targetHints":{"allow":["GET"]}}],"collection":[{"href":"https:\/\/creasens.be\/index.php\/wp-json\/wp\/v2\/product"}],"about":[{"href":"https:\/\/creasens.be\/index.php\/wp-json\/wp\/v2\/types\/product"}],"wp:featuredmedia":[{"embeddable":true,"href":"https:\/\/creasens.be\/index.php\/wp-json\/wp\/v2\/media\/459"}],"wp:attachment":[{"href":"https:\/\/creasens.be\/index.php\/wp-json\/wp\/v2\/media?parent=1068"}],"wp:term":[{"taxonomy":"product_brand","embeddable":true,"href":"https:\/\/creasens.be\/index.php\/wp-json\/wp\/v2\/product_brand?post=1068"},{"taxonomy":"product_cat","embeddable":true,"href":"https:\/\/creasens.be\/index.php\/wp-json\/wp\/v2\/product_cat?post=1068"},{"taxonomy":"product_tag","embeddable":true,"href":"https:\/\/creasens.be\/index.php\/wp-json\/wp\/v2\/product_tag?post=1068"}],"curies":[{"name":"wp","href":"https:\/\/api.w.org\/{rel}","templated":true}]}}